{"id":34,"date":"2025-12-30T12:26:56","date_gmt":"2025-12-30T10:26:56","guid":{"rendered":"https:\/\/pietasofia.fi\/?page_id=34"},"modified":"2026-04-26T12:58:42","modified_gmt":"2026-04-26T09:58:42","slug":"keikat","status":"publish","type":"page","link":"https:\/\/pietasofia.fi\/?page_id=34","title":{"rendered":"Keikat"},"content":{"rendered":"<p>[et_pb_section fb_built=&#8221;1&#8243; _builder_version=&#8221;4.27.5&#8243; _module_preset=&#8221;default&#8221; background_color=&#8221;#eddee3&#8243; background_image=&#8221;https:\/\/pietasofia.fi\/wp-content\/uploads\/2026\/01\/Nimeton-malli-2.png&#8221; global_colors_info=&#8221;{}&#8221;][et_pb_row _builder_version=&#8221;4.27.5&#8243; _module_preset=&#8221;default&#8221; global_colors_info=&#8221;{}&#8221;][et_pb_column type=&#8221;4_4&#8243; _builder_version=&#8221;4.27.5&#8243; _module_preset=&#8221;default&#8221; global_colors_info=&#8221;{}&#8221;][et_pb_text _builder_version=&#8221;4.27.5&#8243; _module_preset=&#8221;default&#8221; text_font=&#8221;Kaisei Decol||||||||&#8221; global_colors_info=&#8221;{}&#8221;]<\/p>\n<h1 style=\"text-align: center;\">Keikat<\/h1>\n<p>[\/et_pb_text][\/et_pb_column][\/et_pb_row][et_pb_row column_structure=&#8221;1_2,1_2&#8243; _builder_version=&#8221;4.27.5&#8243; _module_preset=&#8221;default&#8221; global_colors_info=&#8221;{}&#8221;][et_pb_column type=&#8221;1_2&#8243; _builder_version=&#8221;4.27.5&#8243; _module_preset=&#8221;default&#8221; global_colors_info=&#8221;{}&#8221;][et_pb_text _builder_version=&#8221;4.27.5&#8243; _module_preset=&#8221;default&#8221; text_font=&#8221;Kaisei Decol||||||||&#8221; hover_enabled=&#8221;0&#8243; global_colors_info=&#8221;{}&#8221; text_text_color=&#8221;#000000&#8243; sticky_enabled=&#8221;0&#8243;]<\/p>\n<h3>Tulossa 2026<\/h3>\n<p>[\/et_pb_text][et_pb_text _builder_version=&#8221;4.27.5&#8243; _module_preset=&#8221;default&#8221; text_font=&#8221;Kaisei Decol||||||||&#8221; text_text_color=&#8221;#000000&#8243; hover_enabled=&#8221;0&#8243; global_colors_info=&#8221;{}&#8221; sticky_enabled=&#8221;0&#8243;]<\/p>\n<p>6.5. \u00c4ideist\u00e4 parhain s\u00e4 oot -konsertti, Warkaus-sali<br \/>29.5. Yksityistilaisuus<br \/>13.6. Yksityistilaisuus<br \/>13.6. Yksityistilaisuus<\/p>\n<p>[\/et_pb_text][\/et_pb_column][et_pb_column type=&#8221;1_2&#8243; _builder_version=&#8221;4.27.5&#8243; _module_preset=&#8221;default&#8221; global_colors_info=&#8221;{}&#8221;][et_pb_text _builder_version=&#8221;4.27.5&#8243; _module_preset=&#8221;default&#8221; text_font=&#8221;Kaisei Decol||||||||&#8221; global_colors_info=&#8221;{}&#8221;]<\/p>\n<h3>Menneet 2026<\/h3>\n<p>[\/et_pb_text][et_pb_text _builder_version=&#8221;4.27.5&#8243; _module_preset=&#8221;default&#8221; text_font=&#8221;Kaisei Decol||||||||&#8221; text_text_color=&#8221;#000000&#8243; min_height=&#8221;22.6px&#8221; global_colors_info=&#8221;{}&#8221;]<\/p>\n<p>7.2. Yksityistilaisuus<br \/>14.2. Yksityistilaisuus<\/p>\n<p>[\/et_pb_text][et_pb_text _builder_version=&#8221;4.27.5&#8243; _module_preset=&#8221;default&#8221; text_font=&#8221;Kaisei Decol||||||||&#8221; global_colors_info=&#8221;{}&#8221;]<\/p>\n<h3>Menneet 2025<\/h3>\n<p>[\/et_pb_text][et_pb_text _builder_version=&#8221;4.27.5&#8243; _module_preset=&#8221;default&#8221; text_font=&#8221;Kaisei Decol||||||||&#8221; text_text_color=&#8221;#000000&#8243; text_font_size=&#8221;15px&#8221; text_line_height=&#8221;1.8em&#8221; global_colors_info=&#8221;{}&#8221;]<\/p>\n<p>13.6. Yksityistilaisuus<br \/>28.6. H\u00e4rk\u00e4fest Joroinen<br \/>2.8. Yksityistilaisuus<br \/>7.8. Varkauden kes\u00e4katuilta<br \/>9.8. Yksityistilaisuus<br \/>24.9. Yksityistilaisuus<br \/>27.9. Yksityistilaisuus<br \/>31.10. Popsi Ry 57v. vuosijuhlat<br \/>19.12. Tahtoisin joulun takaisin &#8211; joulukonsertti<\/p>\n<p>[\/et_pb_text][\/et_pb_column][\/et_pb_row][\/et_pb_section]<\/p>\n","protected":false},"excerpt":{"rendered":"<p>KeikatTulossa 20266.5. \u00c4ideist\u00e4 parhain s\u00e4 oot -konsertti, Warkaus-sali29.5. Yksityistilaisuus13.6. Yksityistilaisuus13.6. YksityistilaisuusMenneet 20267.2. Yksityistilaisuus14.2. YksityistilaisuusMenneet 202513.6. Yksityistilaisuus28.6. H\u00e4rk\u00e4fest Joroinen2.8. Yksityistilaisuus7.8. Varkauden kes\u00e4katuilta9.8. Yksityistilaisuus24.9. Yksityistilaisuus27.9. Yksityistilaisuus31.10. Popsi Ry 57v. vuosijuhlat19.12. Tahtoisin joulun takaisin &#8211; joulukonsertti<\/p>\n","protected":false},"author":1,"featured_media":0,"parent":0,"menu_order":0,"comment_status":"closed","ping_status":"closed","template":"","meta":{"_et_pb_use_builder":"on","_et_pb_old_content":"<!-- wp:divi\/placeholder \/-->","_et_gb_content_width":"","footnotes":""},"class_list":["post-34","page","type-page","status-publish","hentry"],"yoast_head":"<!-- This site is optimized with the Yoast SEO plugin v26.6 - https:\/\/yoast.com\/wordpress\/plugins\/seo\/ -->\n<title>Keikat - pieta<\/title>\n<meta name=\"robots\" content=\"index, follow, max-snippet:-1, max-image-preview:large, max-video-preview:-1\" \/>\n<link rel=\"canonical\" href=\"https:\/\/pietasofia.fi\/?page_id=34\" \/>\n<meta property=\"og:locale\" content=\"fi_FI\" \/>\n<meta property=\"og:type\" content=\"article\" \/>\n<meta property=\"og:title\" content=\"Keikat - pieta\" \/>\n<meta property=\"og:description\" content=\"KeikatTulossa 20266.5. \u00c4ideist\u00e4 parhain s\u00e4 oot -konsertti, Warkaus-sali29.5. Yksityistilaisuus13.6. Yksityistilaisuus13.6. YksityistilaisuusMenneet 20267.2. Yksityistilaisuus14.2. YksityistilaisuusMenneet 202513.6. Yksityistilaisuus28.6. H\u00e4rk\u00e4fest Joroinen2.8. Yksityistilaisuus7.8. Varkauden kes\u00e4katuilta9.8. Yksityistilaisuus24.9. Yksityistilaisuus27.9. Yksityistilaisuus31.10. Popsi Ry 57v. vuosijuhlat19.12. Tahtoisin joulun takaisin - joulukonsertti\" \/>\n<meta property=\"og:url\" content=\"https:\/\/pietasofia.fi\/?page_id=34\" \/>\n<meta property=\"og:site_name\" content=\"pieta\" \/>\n<meta property=\"article:modified_time\" content=\"2026-04-26T09:58:42+00:00\" \/>\n<meta name=\"twitter:card\" content=\"summary_large_image\" \/>\n<script type=\"application\/ld+json\" class=\"yoast-schema-graph\">{\"@context\":\"https:\/\/schema.org\",\"@graph\":[{\"@type\":\"WebPage\",\"@id\":\"https:\/\/pietasofia.fi\/?page_id=34\",\"url\":\"https:\/\/pietasofia.fi\/?page_id=34\",\"name\":\"Keikat - pieta\",\"isPartOf\":{\"@id\":\"https:\/\/pietasofia.fi\/#website\"},\"datePublished\":\"2025-12-30T10:26:56+00:00\",\"dateModified\":\"2026-04-26T09:58:42+00:00\",\"breadcrumb\":{\"@id\":\"https:\/\/pietasofia.fi\/?page_id=34#breadcrumb\"},\"inLanguage\":\"fi\",\"potentialAction\":[{\"@type\":\"ReadAction\",\"target\":[\"https:\/\/pietasofia.fi\/?page_id=34\"]}]},{\"@type\":\"BreadcrumbList\",\"@id\":\"https:\/\/pietasofia.fi\/?page_id=34#breadcrumb\",\"itemListElement\":[{\"@type\":\"ListItem\",\"position\":1,\"name\":\"Home\",\"item\":\"https:\/\/pietasofia.fi\/\"},{\"@type\":\"ListItem\",\"position\":2,\"name\":\"Keikat\"}]},{\"@type\":\"WebSite\",\"@id\":\"https:\/\/pietasofia.fi\/#website\",\"url\":\"https:\/\/pietasofia.fi\/\",\"name\":\"pieta\",\"description\":\"\",\"publisher\":{\"@id\":\"https:\/\/pietasofia.fi\/#organization\"},\"potentialAction\":[{\"@type\":\"SearchAction\",\"target\":{\"@type\":\"EntryPoint\",\"urlTemplate\":\"https:\/\/pietasofia.fi\/?s={search_term_string}\"},\"query-input\":{\"@type\":\"PropertyValueSpecification\",\"valueRequired\":true,\"valueName\":\"search_term_string\"}}],\"inLanguage\":\"fi\"},{\"@type\":\"Organization\",\"@id\":\"https:\/\/pietasofia.fi\/#organization\",\"name\":\"pieta\",\"url\":\"https:\/\/pietasofia.fi\/\",\"logo\":{\"@type\":\"ImageObject\",\"inLanguage\":\"fi\",\"@id\":\"https:\/\/pietasofia.fi\/#\/schema\/logo\/image\/\",\"url\":\"https:\/\/pietasofia.fi\/wp-content\/uploads\/2025\/12\/Nimeton-e1765883590412.png\",\"contentUrl\":\"https:\/\/pietasofia.fi\/wp-content\/uploads\/2025\/12\/Nimeton-e1765883590412.png\",\"width\":616,\"height\":297,\"caption\":\"pieta\"},\"image\":{\"@id\":\"https:\/\/pietasofia.fi\/#\/schema\/logo\/image\/\"}}]}<\/script>\n<!-- \/ Yoast SEO plugin. -->","yoast_head_json":{"title":"Keikat - pieta","robots":{"index":"index","follow":"follow","max-snippet":"max-snippet:-1","max-image-preview":"max-image-preview:large","max-video-preview":"max-video-preview:-1"},"canonical":"https:\/\/pietasofia.fi\/?page_id=34","og_locale":"fi_FI","og_type":"article","og_title":"Keikat - pieta","og_description":"KeikatTulossa 20266.5. \u00c4ideist\u00e4 parhain s\u00e4 oot -konsertti, Warkaus-sali29.5. Yksityistilaisuus13.6. Yksityistilaisuus13.6. YksityistilaisuusMenneet 20267.2. Yksityistilaisuus14.2. YksityistilaisuusMenneet 202513.6. Yksityistilaisuus28.6. H\u00e4rk\u00e4fest Joroinen2.8. Yksityistilaisuus7.8. Varkauden kes\u00e4katuilta9.8. Yksityistilaisuus24.9. Yksityistilaisuus27.9. Yksityistilaisuus31.10. Popsi Ry 57v. vuosijuhlat19.12. Tahtoisin joulun takaisin - joulukonsertti","og_url":"https:\/\/pietasofia.fi\/?page_id=34","og_site_name":"pieta","article_modified_time":"2026-04-26T09:58:42+00:00","twitter_card":"summary_large_image","schema":{"@context":"https:\/\/schema.org","@graph":[{"@type":"WebPage","@id":"https:\/\/pietasofia.fi\/?page_id=34","url":"https:\/\/pietasofia.fi\/?page_id=34","name":"Keikat - pieta","isPartOf":{"@id":"https:\/\/pietasofia.fi\/#website"},"datePublished":"2025-12-30T10:26:56+00:00","dateModified":"2026-04-26T09:58:42+00:00","breadcrumb":{"@id":"https:\/\/pietasofia.fi\/?page_id=34#breadcrumb"},"inLanguage":"fi","potentialAction":[{"@type":"ReadAction","target":["https:\/\/pietasofia.fi\/?page_id=34"]}]},{"@type":"BreadcrumbList","@id":"https:\/\/pietasofia.fi\/?page_id=34#breadcrumb","itemListElement":[{"@type":"ListItem","position":1,"name":"Home","item":"https:\/\/pietasofia.fi\/"},{"@type":"ListItem","position":2,"name":"Keikat"}]},{"@type":"WebSite","@id":"https:\/\/pietasofia.fi\/#website","url":"https:\/\/pietasofia.fi\/","name":"pieta","description":"","publisher":{"@id":"https:\/\/pietasofia.fi\/#organization"},"potentialAction":[{"@type":"SearchAction","target":{"@type":"EntryPoint","urlTemplate":"https:\/\/pietasofia.fi\/?s={search_term_string}"},"query-input":{"@type":"PropertyValueSpecification","valueRequired":true,"valueName":"search_term_string"}}],"inLanguage":"fi"},{"@type":"Organization","@id":"https:\/\/pietasofia.fi\/#organization","name":"pieta","url":"https:\/\/pietasofia.fi\/","logo":{"@type":"ImageObject","inLanguage":"fi","@id":"https:\/\/pietasofia.fi\/#\/schema\/logo\/image\/","url":"https:\/\/pietasofia.fi\/wp-content\/uploads\/2025\/12\/Nimeton-e1765883590412.png","contentUrl":"https:\/\/pietasofia.fi\/wp-content\/uploads\/2025\/12\/Nimeton-e1765883590412.png","width":616,"height":297,"caption":"pieta"},"image":{"@id":"https:\/\/pietasofia.fi\/#\/schema\/logo\/image\/"}}]}},"_links":{"self":[{"href":"https:\/\/pietasofia.fi\/index.php?rest_route=\/wp\/v2\/pages\/34","targetHints":{"allow":["GET"]}}],"collection":[{"href":"https:\/\/pietasofia.fi\/index.php?rest_route=\/wp\/v2\/pages"}],"about":[{"href":"https:\/\/pietasofia.fi\/index.php?rest_route=\/wp\/v2\/types\/page"}],"author":[{"embeddable":true,"href":"https:\/\/pietasofia.fi\/index.php?rest_route=\/wp\/v2\/users\/1"}],"replies":[{"embeddable":true,"href":"https:\/\/pietasofia.fi\/index.php?rest_route=%2Fwp%2Fv2%2Fcomments&post=34"}],"version-history":[{"count":10,"href":"https:\/\/pietasofia.fi\/index.php?rest_route=\/wp\/v2\/pages\/34\/revisions"}],"predecessor-version":[{"id":267,"href":"https:\/\/pietasofia.fi\/index.php?rest_route=\/wp\/v2\/pages\/34\/revisions\/267"}],"wp:attachment":[{"href":"https:\/\/pietasofia.fi\/index.php?rest_route=%2Fwp%2Fv2%2Fmedia&parent=34"}],"curies":[{"name":"wp","href":"https:\/\/api.w.org\/{rel}","templated":true}]}}